{"id":1005,"date":"2017-10-15T16:02:13","date_gmt":"2017-10-15T13:02:13","guid":{"rendered":"http:\/\/taksimpreludehotel.com\/?page_id=1005\/"},"modified":"2025-01-10T10:59:10","modified_gmt":"2025-01-10T07:59:10","slug":"%d8%a7%d9%84%d8%b5%d9%81%d8%ad%d8%a9-%d8%a7%d9%84%d8%b1%d8%a6%d9%8a%d8%b3%d9%8a%d8%a9","status":"publish","type":"page","link":"http:\/\/taksimpreludehotel.com\/cs\/","title":{"rendered":"\u0627\u0644\u0635\u0641\u062d\u0629 \u0627\u0644\u0631\u0626\u064a\u0633\u064a\u0629"},"content":{"rendered":"<p>[vc_row full_width=&#8220;stretch_row_content_no_spaces&#8220; full_height=&#8220;yes&#8220; enable_overlay=&#8220;&#8220; el_class=&#8220;engo-table&#8220;][vc_column][rev_slider_vc alias=&#8220;ana-ar&#8220;][\/vc_column][\/vc_row][vc_row full_width=&#8220;stretch_row&#8220; enable_overlay=&#8220;&#8220; el_class=&#8220;check-availability&#8220; css=&#8220;.vc_custom_1509316216200{background-color: rgba(139,126,112,0.96) !important;*background-color: rgb(139,126,112) !important;}&#8220;][vc_column width=&#8220;3\/4&#8243; offset=&#8220;vc_col-lg-1 vc_col-md-12&#8243;][vc_column_text size=&#8220;0&#8243;]<\/p>\n<h2><span style=\"color: #ffffff;\">\u062d\u062c\u0632 \u0633\u0631\u064a\u0639 \u0648\u0628\u0623\u0633\u0639\u0627\u0631 \u0645\u0639\u0642\u0648\u0644\u0629<\/span><\/h2>\n<p>[\/vc_column_text][\/vc_column][vc_column width=&#8220;1\/4&#8243; el_class=&#8220;availability-form&#8220; offset=&#8220;vc_col-lg-11 vc_col-md-12&#8243;]<\/p>\n<div id=\"reseliva-widget\"><a class=\"powered_by\" href=\"https:\/\/www.reseliva.com\/\">Reseliva Rezervasyon Motoru &amp; Kanal Y\u00f6neticisi<\/a><\/div>\n<p><script>\n(function(d, s, id){var js, fjs = d.getElementsByTagName(s)[0];if (d.getElementById(id)) {return;}js = d.createElement(s); js.id = id;js.src = \"https:\/\/www.reseliva.com\/ReselivaWidget\/JS\/rw_script.js?010224\";fjs.parentNode.insertBefore(js, fjs);}(document, 'script', 'reseliva_widget'));\nlet RW = {\"type\":\"bar\",\n\"hotelUrl\":[\"Taksim-Prelude-Hotel\"],\n\"lang\":\"en\",\n\"btnBgColor\" : \"#bca67c\",\n\"title\" : false,\n\"target\" : \"_blank\"};\n<\/script><\/p>\n<p>[\/vc_column][\/vc_row][vc_row full_width=&#8220;stretch_row&#8220; parallax=&#8220;content-moving&#8220;][vc_column]<div class=\"engo-special-heading text-center\"><h1>\u0644\u062f\u064a\u0646\u0627 \u063a\u0631\u0641 \u0627\u0644\u0639\u0632\u064a\u0632\u0629<\/h1><div class=\"engo-subheading below\"><p>\u0645\u0639 \u0642\u0631\u0628\u0647 \u0645\u0646 \u0130stiklal \u0643\u0627\u062f\u064a\u0633\u064a\u060c \u0633\u064a\u062a\u0645 \u0627\u0644\u062a\u0631\u062d\u064a\u0628 \u0628\u0627\u0644\u0646\u0632\u0644\u0627\u0621 \u0645\u0639 \u0645\u0648\u0642\u062f \u062d\u062f\u064a\u062b\u060c \u0648\u0627\u0644\u0627\u062d\u0645\u0627\u0621 \u0623\u064a\u0627\u0645 \u0627\u0644\u0634\u062a\u0627\u0621 \u0627\u0644\u0628\u0627\u0631\u062f\u0629 \u0641\u0636\u0644\u0627 \u0639\u0646 \u0645\u0639\u062f\u0627\u062a \u0627\u0644\u0645\u0637\u0628\u062e \u0627\u0644\u0639\u0645\u0644\u064a\u0629. \u0646\u062d\u0646 \u0646\u0642\u062f\u0645 \u0644\u0636\u064a\u0648\u0641\u0646\u0627 \u0645\u0639 \u0627\u0644\u0641\u0636\u0627\u0621 \u0627\u0644\u0627\u062c\u062a\u0645\u0627\u0639\u064a \u0627\u0644\u0645\u0634\u062a\u0631\u0643\u060c \u0648\u0627\u0644\u0635\u0645\u062a \u0648\u0627\u0644\u0647\u062f\u0648\u0621 \u0641\u064a \u0627\u0644\u0645\u0628\u0646\u0649.<\/p><\/div><\/div>[vc_separator][\/vc_column][\/vc_row][vc_row el_class=&#8220;our-best&#8220;][vc_column width=&#8220;1\/2&#8243; enable_overlay=&#8220;true&#8220; el_class=&#8220;our-best&#8220;]<div class=\"engo-special-heading text-left\"><h2>\u0645\u0646\u0634\u0622\u062a\u0646\u0627<\/h2><\/div>[vc_column_text size=&#8220;0&#8243;]<\/p>\n<p style=\"text-align: right;\">\u0641\u0646\u062f\u0642 \u062a\u0627\u0643\u0633\u064a\u0645 \u0628\u0631\u064a\u0644\u064a\u0648\u062f \u064a\u062e\u062a\u0627\u0631 \u0628\u0639\u0646\u0627\u064a\u0629 \u0627\u0644\u0645\u0648\u0638\u0641\u064a\u0646 \u0627\u0644\u0630\u064a\u0646 \u0627\u0639\u062a\u0645\u062f\u0648\u0627 \u0642\u0648\u0627\u0639\u062f \u0635\u0646\u0627\u0639\u0629 \u0627\u0644\u062e\u062f\u0645\u0627\u062a \u0641\u064a \u0627\u0644\u0627\u0639\u062a\u0631\u0627\u0641 \u0628\u0623\u0643\u0628\u0631 \u0646\u0648\u0639\u064a\u0629 \u0645\u0646 \u0627\u0644\u062e\u062f\u0645\u0627\u062a.<\/p>\n<ul>\n<li style=\"text-align: right;\"><img loading=\"lazy\" decoding=\"async\" class=\"size-full wp-image-195 alignnone\" src=\"http:\/\/taksimpreludehotel.com\/wp-content\/uploads\/2016\/09\/icon-3.png\" alt=\"icon-3\" width=\"48\" height=\"48\">\u0645\u0631\u0643\u0632 \u0627\u0644\u0645\u0631\u062d<\/li>\n<li style=\"text-align: right;\"><img loading=\"lazy\" decoding=\"async\" class=\"alignnone size-full wp-image-196\" src=\"http:\/\/taksimpreludehotel.com\/wp-content\/uploads\/2016\/09\/icon-2.png\" alt=\"icon-2\" width=\"48\" height=\"48\">\u0628\u0627\u0631 \u0635\u063a\u064a\u0631 \u0645\u0634\u0631\u0642 \u0648\u0645\u0637\u0628\u062e \u0635\u063a\u064a\u0631<\/li>\n<li style=\"text-align: right;\"><img loading=\"lazy\" decoding=\"async\" class=\"alignnone size-full wp-image-197\" src=\"http:\/\/taksimpreludehotel.com\/wp-content\/uploads\/2016\/09\/icon-4.png\" alt=\"icon-4\" width=\"48\" height=\"48\">\u063a\u0631\u0641 \u0639\u0627\u0632\u0644\u0629 \u0644\u0644\u0635\u0648\u062a<\/li>\n<li style=\"text-align: right;\"><img loading=\"lazy\" decoding=\"async\" class=\"alignnone size-full wp-image-198\" src=\"http:\/\/taksimpreludehotel.com\/wp-content\/uploads\/2016\/09\/icon-5.png\" alt=\"icon-5\" width=\"48\" height=\"48\">\u063a\u0631\u0641 \u0645\u0631\u064a\u062d\u0629<\/li>\n<li style=\"text-align: right;\"><img loading=\"lazy\" decoding=\"async\" class=\"alignnone size-full wp-image-199\" src=\"http:\/\/taksimpreludehotel.com\/wp-content\/uploads\/2016\/09\/icon-1.png\" alt=\"icon-1\" width=\"48\" height=\"48\">\u062e\u064a\u0627\u0631\u0627\u062a \u0627\u0644\u0645\u0637\u0627\u0639\u0645 \u0627\u0644\u0645\u062e\u062a\u0644\u0641\u0629<\/li>\n<li style=\"text-align: right;\"><img loading=\"lazy\" decoding=\"async\" class=\"alignnone size-full wp-image-200\" src=\"http:\/\/taksimpreludehotel.com\/wp-content\/uploads\/2016\/09\/icon-6.png\" alt=\"icon-6\" width=\"48\" height=\"48\"> \u062a\u0637\u0644 \u0639\u0644\u0649 \u0627\u0644\u0628\u062d\u0631 \u0648\u0627\u0644\u062a\u0631\u0627\u0633<\/li>\n<\/ul>\n<p>[\/vc_column_text][\/vc_column][vc_column width=&#8220;1\/2&#8243;][vc_single_image source=&#8220;external_link&#8220; alignment=&#8220;center&#8220; custom_src=&#8220;http:\/\/taksimpreludehotel.com\/wp-content\/uploads\/2016\/11\/Taksim_Prelude_Hotel_King_Suite-15.jpg&#8220;][\/vc_column][\/vc_row][vc_row][vc_column width=&#8220;1\/2&#8243;][vc_single_image source=&#8220;external_link&#8220; alignment=&#8220;center&#8220; custom_src=&#8220;http:\/\/taksimpreludehotel.com\/wp-content\/uploads\/2017\/10\/galata275.jpg&#8220;][\/vc_column][vc_column width=&#8220;1\/2&#8243;]<div class=\"engo-special-heading text-left\"><h4>... \u0644\u0639\u064a\u0634 \u0625\u0633\u0637\u0646\u0628\u0648\u0644 \u0641\u0639\u0644\u0627 Taksim Prelude<\/h4><\/div>[vc_column_text size=&#8220;0&#8243;]<\/p>\n<p style=\"text-align: right;\">\u064a\u0642\u0639 \u0641\u0646\u062f\u0642 \u062a\u0642\u0633\u064a\u0645 \u0628\u0631\u0627\u0644\u0648\u062f\u064a (Taksim Prelude Hotel) \u0641\u064a \u0634\u0627\u0631\u0639 \u0627\u0644\u0625\u0633\u062a\u0642\u0644\u0627\u0644&nbsp; \u0648\u0645\u064a\u062f\u0627\u0646 \u062a\u0642\u0633\u064a\u0645 \u0627\u0644\u0630\u064a \u064a\u0639\u062f \u0645\u0631\u0643\u0632 \u0627\u0644\u0645\u062a\u0639\u0629 \u0648\u0627\u0644\u062b\u0642\u0627\u0641\u0629 \u0641\u064a \u0625\u0633\u0637\u0646\u0628\u0648\u0644. \u062d\u064a\u062b \u062b\u0645 \u0628\u0646\u0627\u0621 \u0645\u0628\u0646\u0627\u0646\u0627 \u0639\u0627\u0645&nbsp; 1836\u060c \u0648\u064a\u0639\u062f \u062b\u0631\u0648\u0629 \u062b\u0642\u0627\u0641\u064a\u0629 \u0635\u0627\u0645\u062f\u0629 \u0639\u0628\u0631 \u0639\u0634\u0631\u0627\u062a \u0627\u0644\u0633\u0646\u064a\u0646 \u0641\u064a \u062a\u0642\u0633\u064a\u0645 \u0642\u0644\u0628 \u0625\u0633\u0637\u0646\u0628\u0648\u0644 \u0627\u0644\u062a\u064a \u0647\u064a \u0625\u062d\u062f\u0649 \u0645\u062f\u0646 \u0627\u0644\u0639\u0627\u0644\u0645 \u0627\u0644\u0645\u062e\u062a\u0627\u0631\u0629.<\/p>\n<p>[\/vc_column_text]<div class=\"engo-btn-container engo-btn-left\"><a class=\"engo-btn engo-btn-normal engo-btn-outline\" href=\"http:\/\/taksimpreludehotel.com\/ar\/contact\/\" title=\"\u0645\u0646 \u0646\u062d\u0646\" style=\"color:;border-color:;\">\u0627\u0633\u062a\u0645\u0631\u0627\u0631<\/a><\/div>[\/vc_column][\/vc_row][vc_row full_width=&#8220;stretch_row&#8220; parallax=&#8220;content-moving&#8220; parallax_image=&#8220;778&#8243; enable_overlay=&#8220;true&#8220; bg_overlay=&#8220;rgba(0,0,0,0.3)&#8220; css=&#8220;.vc_custom_1508101184981{padding-top: 50px !important;padding-bottom: 50px !important;background-position: center;background-repeat: no-repeat !important;background-size: cover !important;}&#8220;][vc_column]\t\t\t\t <!-- GUEST BOOK MASONRY -->\n\t\t\t\t\t<div class=\"guest-book_content\">\n\n\t\t\t\t\t\t<div class=\"row\">\n\t\t\t\t\t\t\t<div class=\"guest-book_mansory\">\n\t\t\t\t\t\t\t\t\t\t\t\t\t\t\t\t<!-- ITEM -->\n\t\t\t\t\t\t\t\t<div class=\"item-masonry col-xs-6 col-md-4\">\n\t\t\t\t\t\t\t\t\t<div class=\"guest-book_item guest-book_item-2\">\n\t\t\t\t\t\t\t\t\t\t<span class=\"icon lotus-icon-quote-left\"><\/span>\n\t\t\t\t\t\t\t\t\t\t\t\t\t\t\t\t\t\t\t\t\t<h2>Odadaki \u015f\u00f6mine beni bende ald\u0131...<\/h2>\n\t\t\t\t\t\t\t\t\t\t\n\t\t\t\t\t\t\t\t\t\t\t\t\t\t\t\t\t\t\t\t\t<div class=\"avatar\">\n\t\t\t\t\t\t\t\t\t\t\t\t<img decoding=\"async\" src=\"http:\/\/taksimpreludehotel.com\/wp-content\/uploads\/2016\/09\/TA_brand_logo-150x150.png\" alt=\"gokcenongun&#039;s Avatar\">\n\t\t\t\t\t\t\t\t\t\t\t<\/div>\n\t\t\t\t\t\t\t\t\t\t\n\t\t\t\t\t\t\t\t\t\t<p>Caddenin g\u00fcr\u00fclt\u00fcs\u00fcnden rahats\u0131z olma ihtimaline kar\u015f\u0131 daha \u00f6nce hi\u00e7 \u0130stiklale bu kadar yak\u0131n bir otelde konaklama yapmam\u0131\u015ft\u0131k. \u0130yi ki bu ihtimali g\u00f6zard\u0131 etmi\u015fiz \u00e7\u00fcnk\u00fc muhte\u015fem bir g\u00fcn ge\u00e7irdik. Gece hi\u00e7 ses olmad\u0131, otel personeli \u00e7ok g\u00fclery\u00fczl\u00fcyd\u00fc. Sahaflar \u00e7ar\u015f\u0131s\u0131ndan ald\u0131\u011f\u0131m kitaplar\u0131 elimde ta\u015f\u0131mamak i\u00e7in otele d\u00f6n\u00fcp b\u0131rakmak, Asmal\u0131mescit&#039;e yeme\u011fe gitmeden hemen \u00f6nce gelip biraz odada dinlenmek bizi \u00e7ocuklar kadar mutlu etti:)<\/p>\n\t\t\t\t\t\t\t\t\t\t<span><strong>gokcenongun<\/strong> - <\/span>\n\t\t\t\t\t\t\t\t\t<\/div>\n\t\t\t\t\t\t\t\t<\/div>\n\t\t\t\t\t\t\t\t<!-- END \/ ITEM -->\n\t\t\t\t\t\t\t\t\t\t\t\t\t\t\t\t<!-- ITEM -->\n\t\t\t\t\t\t\t\t<div class=\"item-masonry col-xs-6 col-md-4\">\n\t\t\t\t\t\t\t\t\t<div class=\"guest-book_item guest-book_item-2\">\n\t\t\t\t\t\t\t\t\t\t<span class=\"icon lotus-icon-quote-left\"><\/span>\n\t\t\t\t\t\t\t\t\t\t\t\t\t\t\t\t\t\t\t\t\t<h2>Beyo\u011flu&#039;nda M\u00fckemmel bir Otel<\/h2>\n\t\t\t\t\t\t\t\t\t\t\n\t\t\t\t\t\t\t\t\t\t\t\t\t\t\t\t\t\t\t\t\t<div class=\"avatar\">\n\t\t\t\t\t\t\t\t\t\t\t\t<img decoding=\"async\" src=\"http:\/\/taksimpreludehotel.com\/wp-content\/uploads\/2016\/09\/TA_brand_logo-150x150.png\" alt=\"Victor P&#039;s Avatar\">\n\t\t\t\t\t\t\t\t\t\t\t<\/div>\n\t\t\t\t\t\t\t\t\t\t\n\t\t\t\t\t\t\t\t\t\t<p>Bu zincirin otellerinde, s\u0131k i\u015f seyahatlerinden dolay\u0131 15 seferden fazla kald\u0131m. Bunlar, \u00e7ok iyi servise sahip butik oteller. Pera&#039;daki bu g\u00fczel binalar\u0131n restorasyonu dikkat \u00e7ekici. Odalar harika ve ayr\u0131nt\u0131lara verilen \u00f6nem \u015fahane, \u00f6zellikle de bu fiyata. Stories Apart Karakol&#039;u kesinlikle tavsiye ederim.<\/p>\n\t\t\t\t\t\t\t\t\t\t<span><strong>Victor P<\/strong> - <\/span>\n\t\t\t\t\t\t\t\t\t<\/div>\n\t\t\t\t\t\t\t\t<\/div>\n\t\t\t\t\t\t\t\t<!-- END \/ ITEM -->\n\t\t\t\t\t\t\t\t\t\t\t\t\t\t\t\t<!-- ITEM -->\n\t\t\t\t\t\t\t\t<div class=\"item-masonry col-xs-6 col-md-4\">\n\t\t\t\t\t\t\t\t\t<div class=\"guest-book_item guest-book_item-2\">\n\t\t\t\t\t\t\t\t\t\t<span class=\"icon lotus-icon-quote-left\"><\/span>\n\t\t\t\t\t\t\t\t\t\t\t\t\t\t\t\t\t\t\t\t\t<h2>I had a wonderful time in Prelude<\/h2>\n\t\t\t\t\t\t\t\t\t\t\n\t\t\t\t\t\t\t\t\t\t\t\t\t\t\t\t\t\t\t\t\t<div class=\"avatar\">\n\t\t\t\t\t\t\t\t\t\t\t\t<img decoding=\"async\" src=\"http:\/\/taksimpreludehotel.com\/wp-content\/uploads\/2016\/09\/TA_brand_logo-150x150.png\" alt=\"Robert K&#039;s Avatar\">\n\t\t\t\t\t\t\t\t\t\t\t<\/div>\n\t\t\t\t\t\t\t\t\t\t\n\t\t\t\t\t\t\t\t\t\t<p>Many thanks for your glowing review.\r\nIt is great to hear that you had an excellent experience during your recent stay with us. Obviously two essentials of any good hotel is its cleanliness and staff . We pride ourselves on both of these factors, so it is great to hear that you were impressed by both.\r\nThanks again and hopefully we see you back here really soon.<\/p>\n\t\t\t\t\t\t\t\t\t\t<span><strong>Robert K<\/strong> - <\/span>\n\t\t\t\t\t\t\t\t\t<\/div>\n\t\t\t\t\t\t\t\t<\/div>\n\t\t\t\t\t\t\t\t<!-- END \/ ITEM -->\n\t\t\t\t\t\t\t\t\t\t\t\t\t\t\t\t<!-- ITEM -->\n\t\t\t\t\t\t\t\t<div class=\"item-masonry col-xs-6 col-md-4\">\n\t\t\t\t\t\t\t\t\t<div class=\"guest-book_item guest-book_item-2\">\n\t\t\t\t\t\t\t\t\t\t<span class=\"icon lotus-icon-quote-left\"><\/span>\n\t\t\t\t\t\t\t\t\t\t\t\t\t\t\t\t\t\t\t\t\t<h2>Interessante Lage Taksim<\/h2>\n\t\t\t\t\t\t\t\t\t\t\n\t\t\t\t\t\t\t\t\t\t\t\t\t\t\t\t\t\t\t\t\t<div class=\"avatar\">\n\t\t\t\t\t\t\t\t\t\t\t\t<img decoding=\"async\" src=\"http:\/\/taksimpreludehotel.com\/wp-content\/uploads\/2016\/09\/TA_brand_logo-150x150.png\" alt=\"Peter H&#039;s Avatar\">\n\t\t\t\t\t\t\t\t\t\t\t<\/div>\n\t\t\t\t\t\t\t\t\t\t\n\t\t\t\t\t\t\t\t\t\t<p>Das Hotel ist die Bem\u00fchung es zu finden wert, es f\u00fchrt einen von den Hauptstra\u00dfen weg und \u00f6ffnet einem eine neue Welt. In drei vorherigen Besuchen der Stadt wohnte ich in der Altstadt von Istanbul und werde diese vielleicht gegen diesen lebendigen Teil der Stadt nah am Taksim Platz eintauschen, wo Flughafentransfer einfach und g\u00fcnstig ist. Das Hotel war sofort bereit, einen unserer Koffer f\u00fcr eine Woche aufzubewahren, was von uns sehr begr\u00fc\u00dft wurde. Ebenfalls sehr gesch\u00e4tzt wurde, dass wir ohne Nachfrage ein besseres Zimmer angeboten bekamen. Ein wahres Juwel.<\/p>\n\t\t\t\t\t\t\t\t\t\t<span><strong>Peter H<\/strong> - <\/span>\n\t\t\t\t\t\t\t\t\t<\/div>\n\t\t\t\t\t\t\t\t<\/div>\n\t\t\t\t\t\t\t\t<!-- END \/ ITEM -->\n\t\t\t\t\t\t\t\t\t\t\t\t\t\t\t\t<!-- ITEM -->\n\t\t\t\t\t\t\t\t<div class=\"item-masonry col-xs-6 col-md-4\">\n\t\t\t\t\t\t\t\t\t<div class=\"guest-book_item guest-book_item-2\">\n\t\t\t\t\t\t\t\t\t\t<span class=\"icon lotus-icon-quote-left\"><\/span>\n\t\t\t\t\t\t\t\t\t\t\t\t\t\t\t\t\t\t\t\t\t<h2>Excellent \u0130stiklal<\/h2>\n\t\t\t\t\t\t\t\t\t\t\n\t\t\t\t\t\t\t\t\t\t\t\t\t\t\t\t\t\t\t\t\t<div class=\"avatar\">\n\t\t\t\t\t\t\t\t\t\t\t\t<img decoding=\"async\" src=\"http:\/\/taksimpreludehotel.com\/wp-content\/uploads\/2016\/09\/TA_brand_logo-150x150.png\" alt=\"AnisTN&#039;s Avatar\">\n\t\t\t\t\t\t\t\t\t\t\t<\/div>\n\t\t\t\t\t\t\t\t\t\t\n\t\t\t\t\t\t\t\t\t\t<p>Nous avons s\u00e9journ\u00e9 du 24 au 31 mai 2014 \u00e0 l\u2019h\u00f4tel Stories Karakol l\u2019h\u00f4tel est d\u2019une propret\u00e9 irr\u00e9prochable, personnel tr\u00e8s accueillant souriant, attentif et serviable durant tout le s\u00e9jour (le dernier jour il avait des manifestations place taksim la fille de la r\u00e9ception nous a accompagner jusqu\u2019\u00e0 la station de taxi (Grand Merci Thank you \uf04a)\r\nRien \u00e0 dire de n\u00e9gatif concernant cet h\u00f4tel tr\u00e8s bien situ\u00e9 a deux pas de l\u2019avenu Istiqlal (restaurants, caf\u00e9s, boutique,..) et place Taksim)Tr\u00e8s bel h\u00f4tel, tr\u00e8s bien am\u00e9nag\u00e9 la chambre tout confort !! <\/p>\n\t\t\t\t\t\t\t\t\t\t<span><strong>AnisTN<\/strong> - <\/span>\n\t\t\t\t\t\t\t\t\t<\/div>\n\t\t\t\t\t\t\t\t<\/div>\n\t\t\t\t\t\t\t\t<!-- END \/ ITEM -->\n\t\t\t\t\t\t\t\t\t\t\t\t\t\t\t\t<!-- ITEM -->\n\t\t\t\t\t\t\t\t<div class=\"item-masonry col-xs-6 col-md-4\">\n\t\t\t\t\t\t\t\t\t<div class=\"guest-book_item guest-book_item-2\">\n\t\t\t\t\t\t\t\t\t\t<span class=\"icon lotus-icon-quote-left\"><\/span>\n\t\t\t\t\t\t\t\t\t\t\t\t\t\t\t\t\t\t\t\t\t<h2>\u041e\u0442\u043b\u0438\u0447\u043d\u044b\u0439 \u043e\u0442\u0435\u043b\u044c Taksim<\/h2>\n\t\t\t\t\t\t\t\t\t\t\n\t\t\t\t\t\t\t\t\t\t\t\t\t\t\t\t\t\t\t\t\t<div class=\"avatar\">\n\t\t\t\t\t\t\t\t\t\t\t\t<img decoding=\"async\" src=\"http:\/\/taksimpreludehotel.com\/wp-content\/uploads\/2016\/09\/TA_brand_logo-150x150.png\" alt=\"AntonSkorobo&#039;s Avatar\">\n\t\t\t\t\t\t\t\t\t\t\t<\/div>\n\t\t\t\t\t\t\t\t\t\t\n\t\t\t\t\t\t\t\t\t\t<p>\u041e\u0442\u043b\u0438\u0447\u043d\u044b\u0439 \u043e\u0442\u0435\u043b\u044c \u0434\u043b\u044f \u043f\u0443\u0442\u0435\u0448\u0435\u0441\u0442\u0432\u0435\u043d\u043d\u0438\u043a\u043e\u0432. \u0414\u043b\u044f \u0442\u0435\u0445 \u043a\u0442\u043e \u043d\u0435 \u043f\u043b\u0430\u043d\u0438\u0440\u0443\u0435\u0442 \u0431\u043e\u043b\u044c\u0448\u0443\u044e \u0447\u0430\u0441\u0442\u044c \u0432\u0440\u0435\u043c\u0435\u043d\u0438 \u043d\u0430\u0445\u043e\u0434\u0438\u0442\u0441\u044f \u0432 \u043e\u0442\u0435\u043b\u0435. \u041a\u043e\u043c\u043d\u0430\u0442\u044b \u043d\u0435 \u0431\u043e\u043b\u044c\u0448\u0438\u0435, \u043a\u0430\u043a \u0438 \u0432 \u0431\u043e\u043b\u044c\u0448\u0438\u043d\u0441\u0442\u0432\u0435 \u0435\u0432\u0440\u043e\u043f\u0435\u0439\u0441\u043a\u0438\u0445 \u043e\u0442\u0435\u043b\u044f\u0445. \u041d\u043e \u043f\u0440\u0438 \u044d\u0442\u043e\u043c \u043e\u0442\u043b\u0438\u0447\u043d\u044b\u0439 \u0438\u043d\u0442\u0435\u0440\u044c\u0435\u0440, \u0431\u0435\u0437\u0443\u043f\u0440\u0435\u0447\u043d\u043e\u0435 \u043f\u0430\u0441\u0442\u0435\u043b\u044c\u043d\u043e\u0435 \u0431\u0435\u043b\u044c\u0435. \u0412\u0438\u0434\u043d\u043e \u0447\u0442\u043e \u0434\u0438\u0437\u0430\u0439\u043d\u0435\u0440\u044b \u0437\u0430\u043d\u0438\u043c\u0430\u043b\u0438\u0441\u044c \u0432\u0441\u0435\u043c \u0434\u043e \u043c\u0435\u043b\u043e\u0447\u0435\u0439, \u0434\u0430\u0436\u0435 \u043d\u0435\u0437\u043d\u0430\u0447\u0438\u0442\u0435\u043b\u044c\u043d\u044b\u0435 \u0434\u0435\u0442\u0430\u043b\u0438 \u043e\u0442\u0435\u043b\u044f \u043f\u043e\u0434\u043e\u0431\u0440\u0430\u043d\u044b \u0432 \u043e\u0431\u0449\u0435\u0439 \u043a\u043e\u043d\u0446\u0435\u043f\u0446\u0438\u0438 \u0434\u0438\u0437\u0430\u0439\u043d\u0430. \u041c\u043d\u0435 \u0434\u043e\u0441\u0442\u0430\u043b\u0430\u0441\u044c \u043a\u043e\u043c\u043d\u0430\u0442\u0430 \u0441 \u044d\u0440\u043a\u0435\u0440\u043e\u043c \u043d\u0430 5 \u044d\u0442\u0430\u0436\u0435, \u0442\u0440\u0438 \u0431\u043e\u043b\u044c\u0448\u0438\u0445 \u043e\u043a\u043d\u0430 \u0441 \u0432\u044b\u0445\u043e\u0434\u043e\u043c \u043d\u0430 \u0442\u0438\u0445\u0443\u044e \u0443\u043b\u043e\u0447\u043a\u0443. <\/p>\n\t\t\t\t\t\t\t\t\t\t<span><strong>AntonSkorobo<\/strong> - <\/span>\n\t\t\t\t\t\t\t\t\t<\/div>\n\t\t\t\t\t\t\t\t<\/div>\n\t\t\t\t\t\t\t\t<!-- END \/ ITEM -->\n\t\t\t\t\t\t\t\t\t\t\t\t\t\t\t<\/div>\n\t\t\t\t\t\t<\/div>\n\t\t\t\t\t<\/div>\n\t\t\t\t\t<!-- END \/ GUEST BOOK MASONRY -->\n\t\t\t\t[\/vc_column][\/vc_row][vc_row][vc_column][vc_separator]<div class=\"engo-special-heading text-left\" style=\"padding-bottom:20px;\"><h2>\u0627\u0644\u0623\u0646\u0634\u0637\u0629 \u0648\u0627\u0644\u0645\u0647\u0631\u062c\u0627\u0646\u0627\u062a<\/h2><div class=\"engo-subheading below\"><p>\u064a\u0645\u0643\u0646\u0643 \u0645\u062a\u0627\u0628\u0639\u0629 \u062c\u0645\u064a\u0639 \u0627\u0644\u0623\u0646\u0634\u0637\u0629 \u0627\u0644\u062b\u0642\u0627\u0641\u064a\u0629 \u0648\u0627\u0644\u0641\u0646\u064a\u0629 \u0641\u064a \u0627\u0633\u0637\u0646\u0628\u0648\u0644 \u0648\u0627\u0644\u062d\u0641\u0644\u0627\u062a \u0627\u0644\u0645\u0648\u0633\u064a\u0642\u064a\u0629 \u0648\u0627\u0644\u0645\u0633\u0627\u0631\u062d \u0648\u0627\u0644\u0645\u0639\u0627\u0631\u0636 \u0648\u0627\u0644\u0645\u0639\u0627\u0631\u0636.<\/p><\/div><\/div>\t\t\t<div class=\"row\">\n\t\t\t\t\t\t\t\t\t\t\t\t\t\t<div class=\"col-xs-6\">\n\t\t\t\t\t\t<div class=\"event-item\">\n\t\t\t\t\t\t\t<div class=\"img\">\n\t\t\t\t\t\t\t\t<a class=\"hover-zoom\" href=\"http:\/\/taksimpreludehotel.com\/cs\/event\/vodafone-istanbul-maratonu-12-kasim-pazar\/\">\n\t\t\t\t\t\t\t\t\t<img loading=\"lazy\" decoding=\"async\" width=\"300\" height=\"168\" src=\"http:\/\/taksimpreludehotel.com\/wp-content\/uploads\/2017\/11\/download-1.jpg\" class=\"attachment-engo-post-sc size-engo-post-sc wp-post-image\" alt=\"\" \/>\t\t\t\t\t\t\t\t<\/a>\n\t\t\t\t\t\t\t<\/div>\n\t\t\t\t\t\t\t<div class=\"text\">\n\t\t\t\t\t\t\t\t<div class=\"text-cn\">\n\t\t\t\t\t\t\t\t\t<h2>\u0645\u0627\u0631\u0627\u062a\u0648\u0646 \u0641\u0648\u062f\u0627\u0641\u0648\u0646 \u0627\u0633\u0637\u0646\u0628\u0648\u0644\u060c \u0627\u0644\u0623\u062d\u062f\u060c 12 \u0646\u0648\u0641\u0645\u0628\u0631<\/h2>\n\t\t\t\t\t\t\t\t\t<span>09 DUB<\/span>\n\t\t\t\t\t\t\t\t\t<a href=\"http:\/\/taksimpreludehotel.com\/cs\/event\/vodafone-istanbul-maratonu-12-kasim-pazar\/\" class=\"engo-btn engo-btn-12\">VIEW MORE<\/a>\n\t\t\t\t\t\t\t\t<\/div>\n\t\t\t\t\t\t\t<\/div>\n\t\t\t\t\t\t<\/div>\n\t\t\t\t\t<\/div>\n\t\t\t\t\t\t\t\t\t\t\t\t\t\t<div class=\"col-xs-6\">\n\t\t\t\t\t\t<div class=\"event-item\">\n\t\t\t\t\t\t\t<div class=\"img\">\n\t\t\t\t\t\t\t\t<a class=\"hover-zoom\" href=\"http:\/\/taksimpreludehotel.com\/cs\/event\/f-%d9%85%d9%87%d8%b1%d8%ac%d8%a7%d9%86-%d8%a7%d8%b3%d8%b7%d9%86%d8%a8%d9%88%d9%84-%d8%a7%d9%84%d8%b3%d9%8a%d9%86%d9%85%d8%a7%d8%a6%d9%8a\/\">\n\t\t\t\t\t\t\t\t\t<img loading=\"lazy\" decoding=\"async\" width=\"303\" height=\"166\" src=\"http:\/\/taksimpreludehotel.com\/wp-content\/uploads\/2017\/10\/download.jpg\" class=\"attachment-engo-post-sc size-engo-post-sc wp-post-image\" alt=\"\" srcset=\"http:\/\/taksimpreludehotel.com\/wp-content\/uploads\/2017\/10\/download.jpg 303w, http:\/\/taksimpreludehotel.com\/wp-content\/uploads\/2017\/10\/download-300x164.jpg 300w\" sizes=\"(max-width: 303px) 100vw, 303px\" \/>\t\t\t\t\t\t\t\t<\/a>\n\t\t\t\t\t\t\t<\/div>\n\t\t\t\t\t\t\t<div class=\"text\">\n\t\t\t\t\t\t\t\t<div class=\"text-cn\">\n\t\t\t\t\t\t\t\t\t<h2>! f \u0645\u0647\u0631\u062c\u0627\u0646 \u0627\u0633\u0637\u0646\u0628\u0648\u0644 \u0627\u0644\u0633\u064a\u0646\u0645\u0627\u0626\u064a<\/h2>\n\t\t\t\t\t\t\t\t\t<span>09 DUB<\/span>\n\t\t\t\t\t\t\t\t\t<a href=\"http:\/\/taksimpreludehotel.com\/cs\/event\/f-%d9%85%d9%87%d8%b1%d8%ac%d8%a7%d9%86-%d8%a7%d8%b3%d8%b7%d9%86%d8%a8%d9%88%d9%84-%d8%a7%d9%84%d8%b3%d9%8a%d9%86%d9%85%d8%a7%d8%a6%d9%8a\/\" class=\"engo-btn engo-btn-12\">VIEW MORE<\/a>\n\t\t\t\t\t\t\t\t<\/div>\n\t\t\t\t\t\t\t<\/div>\n\t\t\t\t\t\t<\/div>\n\t\t\t\t\t<\/div>\n\t\t\t\t\t\t\t<\/div>\n\t\t\t\t[vc_separator][\/vc_column][\/vc_row]<\/p>\n","protected":false},"excerpt":{"rendered":"<p>[vc_row full_width=&#8220;stretch_row_content_no_spaces&#8220; full_height=&#8220;yes&#8220; enable_overlay=&#8220;&#8220; el_class=&#8220;engo-table&#8220;][vc_column][rev_slider_vc alias=&#8220;ana-ar&#8220;][\/vc_column][\/vc_row][vc_row full_width=&#8220;stretch_row&#8220; enable_overlay=&#8220;&#8220; el_class=&#8220;check-availability&#8220; css=&#8220;.vc_custom_1509316216200{background-color: rgba(139,126,112,0.96) !important;*background-color: rgb(139,126,112) !important;}&#8220;][vc_column width=&#8220;3\/4&#8243; offset=&#8220;vc_col-lg-1 vc_col-md-12&#8243;][vc_column_text size=&#8220;0&#8243;] \u062d\u062c\u0632 \u0633\u0631\u064a\u0639 \u0648\u0628\u0623\u0633\u0639\u0627\u0631 \u0645\u0639\u0642\u0648\u0644\u0629 [\/vc_column_text][\/vc_column][vc_column width=&#8220;1\/4&#8243; el_class=&#8220;availability-form&#8220; offset=&#8220;vc_col-lg-11 vc_col-md-12&#8243;] Reseliva Rezervasyon Motoru &amp; Kanal Y\u00f6neticisi [\/vc_column][\/vc_row][vc_row full_width=&#8220;stretch_row&#8220; parallax=&#8220;content-moving&#8220;][vc_column][vc_separator][\/vc_column][\/vc_row][vc_row el_class=&#8220;our-best&#8220;][vc_column width=&#8220;1\/2&#8243; enable_overlay=&#8220;true&#8220; el_class=&#8220;our-best&#8220;][vc_column_text size=&#8220;0&#8243;] \u0641\u0646\u062f\u0642 \u062a\u0627\u0643\u0633\u064a\u0645 \u0628\u0631\u064a\u0644\u064a\u0648\u062f \u064a\u062e\u062a\u0627\u0631 \u0628\u0639\u0646\u0627\u064a\u0629 \u0627\u0644\u0645\u0648\u0638\u0641\u064a\u0646 \u0627\u0644\u0630\u064a\u0646 \u0627\u0639\u062a\u0645\u062f\u0648\u0627 \u0642\u0648\u0627\u0639\u062f \u0635\u0646\u0627\u0639\u0629 \u0627\u0644\u062e\u062f\u0645\u0627\u062a \u0641\u064a \u0627\u0644\u0627\u0639\u062a\u0631\u0627\u0641 \u0628\u0623\u0643\u0628\u0631&#8230;<\/p>\n","protected":false},"author":1,"featured_media":0,"parent":0,"menu_order":0,"comment_status":"closed","ping_status":"closed","template":"","meta":{"_mi_skip_tracking":false,"footnotes":""},"_links":{"self":[{"href":"http:\/\/taksimpreludehotel.com\/cs\/wp-json\/wp\/v2\/pages\/1005"}],"collection":[{"href":"http:\/\/taksimpreludehotel.com\/cs\/wp-json\/wp\/v2\/pages"}],"about":[{"href":"http:\/\/taksimpreludehotel.com\/cs\/wp-json\/wp\/v2\/types\/page"}],"author":[{"embeddable":true,"href":"http:\/\/taksimpreludehotel.com\/cs\/wp-json\/wp\/v2\/users\/1"}],"replies":[{"embeddable":true,"href":"http:\/\/taksimpreludehotel.com\/cs\/wp-json\/wp\/v2\/comments?post=1005"}],"version-history":[{"count":14,"href":"http:\/\/taksimpreludehotel.com\/cs\/wp-json\/wp\/v2\/pages\/1005\/revisions"}],"predecessor-version":[{"id":1473,"href":"http:\/\/taksimpreludehotel.com\/cs\/wp-json\/wp\/v2\/pages\/1005\/revisions\/1473"}],"wp:attachment":[{"href":"http:\/\/taksimpreludehotel.com\/cs\/wp-json\/wp\/v2\/media?parent=1005"}],"curies":[{"name":"wp","href":"https:\/\/api.w.org\/{rel}","templated":true}]}}