{"id":1215,"date":"2017-10-23T02:36:56","date_gmt":"2017-10-22T23:36:56","guid":{"rendered":"http:\/\/taksimpreludehotel.com\/?page_id=1215\/"},"modified":"2025-01-10T10:48:27","modified_gmt":"2025-01-10T07:48:27","slug":"odalar","status":"publish","type":"page","link":"http:\/\/taksimpreludehotel.com\/es\/odalar\/","title":{"rendered":"ODALAR"},"content":{"rendered":"<p>[vc_row full_width=\u00bbstretch_row\u00bb parallax=\u00bbcontent-moving\u00bb parallax_image=\u00bb14&#8243; css=\u00bb.vc_custom_1507488896647{padding-top: 125px !important;padding-bottom: 70px !important;background-image: url(http:\/\/taksimpreludehotel.com\/wp-content\/uploads\/2016\/09\/Istanbul_Banner.jpg?id=778) !important;}\u00bb][vc_column]<div class=\"engo-special-heading text-center\" style=\"color:#ffffff;\"><h2>ODALAR <\/h2><div class=\"engo-subheading below\"><p>\u0130stiklal Caddesi\u2019nden yak\u0131nl\u0131\u011f\u0131 ile pratik mutfak ekipman\u0131n\u0131n yan\u0131 s\u0131ra so\u011fuk k\u0131\u015f g\u00fcnlerini \u0131s\u0131tacak, an\u0131lar\u0131, modern bir \u015f\u00f6mine kar\u015f\u0131l\u0131yor konuklar\u0131. Bina i\u00e7inde ortak bir sosyal alan ile, sessizlik ve sakinlik ortam\u0131 kalitiyle misafirlerimize sunmaktay\u0131z.<\/p><\/div><\/div>[\/vc_column][\/vc_row][vc_row][vc_column][\/vc_column][\/vc_row]<\/p>\n<div id=\"reseliva-widget\"><a href=\"https:\/\/www.reseliva.com\/\" class=\"powered_by\">Reseliva Rezervasyon Motoru &amp; Kanal Y\u00f6neticisi<\/a><\/div>\n<p><script>\n(function(d, s, id){var js, fjs = d.getElementsByTagName(s)[0];if (d.getElementById(id)) {return;}js = d.createElement(s); js.id = id;js.src = \"https:\/\/www.reseliva.com\/ReselivaWidget\/JS\/rw_script.js?010224\";fjs.parentNode.insertBefore(js, fjs);}(document, 'script', 'reseliva_widget'));\nlet RW = {\"type\":\"bar\",\n\"hotelUrl\":[\"Taksim-Prelude-Hotel\"],\n\"lang\":\"es\",\n\"btnBgColor\" : \"#bca67c\",\n\"title\" : false,\n\"target\" : \"_blank\"};\n<\/script><\/p>\n","protected":false},"excerpt":{"rendered":"<p>[vc_row full_width=\u00bbstretch_row\u00bb parallax=\u00bbcontent-moving\u00bb parallax_image=\u00bb14&#8243; css=\u00bb.vc_custom_1507488896647{padding-top: 125px !important;padding-bottom: 70px !important;background-image: url(http:\/\/taksimpreludehotel.com\/wp-content\/uploads\/2016\/09\/Istanbul_Banner.jpg?id=778) !important;}\u00bb][vc_column][\/vc_column][\/vc_row][vc_row][vc_column][\/vc_column][\/vc_row] Reseliva Rezervasyon Motoru &amp; Kanal Y\u00f6neticisi<\/p>\n","protected":false},"author":1,"featured_media":0,"parent":0,"menu_order":0,"comment_status":"closed","ping_status":"closed","template":"","meta":{"_mi_skip_tracking":false,"footnotes":""},"_links":{"self":[{"href":"http:\/\/taksimpreludehotel.com\/es\/wp-json\/wp\/v2\/pages\/1215"}],"collection":[{"href":"http:\/\/taksimpreludehotel.com\/es\/wp-json\/wp\/v2\/pages"}],"about":[{"href":"http:\/\/taksimpreludehotel.com\/es\/wp-json\/wp\/v2\/types\/page"}],"author":[{"embeddable":true,"href":"http:\/\/taksimpreludehotel.com\/es\/wp-json\/wp\/v2\/users\/1"}],"replies":[{"embeddable":true,"href":"http:\/\/taksimpreludehotel.com\/es\/wp-json\/wp\/v2\/comments?post=1215"}],"version-history":[{"count":3,"href":"http:\/\/taksimpreludehotel.com\/es\/wp-json\/wp\/v2\/pages\/1215\/revisions"}],"predecessor-version":[{"id":1459,"href":"http:\/\/taksimpreludehotel.com\/es\/wp-json\/wp\/v2\/pages\/1215\/revisions\/1459"}],"wp:attachment":[{"href":"http:\/\/taksimpreludehotel.com\/es\/wp-json\/wp\/v2\/media?parent=1215"}],"curies":[{"name":"wp","href":"https:\/\/api.w.org\/{rel}","templated":true}]}}