{"id":1010,"date":"2017-10-15T16:03:12","date_gmt":"2017-10-15T13:03:12","guid":{"rendered":"http:\/\/taksimpreludehotel.com\/?page_id=1010\/"},"modified":"2025-01-10T11:19:01","modified_gmt":"2025-01-10T08:19:01","slug":"%d9%85%d9%86-%d9%86%d8%ad%d9%86","status":"publish","type":"page","link":"https:\/\/taksimpreludehotel.com\/cs\/%d9%85%d9%86-%d9%86%d8%ad%d9%86\/","title":{"rendered":"\u0645\u0646 \u0646\u062d\u0646"},"content":{"rendered":"<p>[vc_row full_width=&#8220;stretch_row&#8220; enable_overlay=&#8220;true&#8220; bg_overlay=&#8220;rgba(0,0,0,0.3)&#8220; css=&#8220;.vc_custom_1508022207491{margin-right: -40% !important;padding-top: 115px !important;padding-bottom: 80px !important;background-image: url(http:\/\/taksimpreludehotel.com\/wp-content\/uploads\/2016\/09\/bst-Istanbul-1.jpg?id=776) !important;}&#8220;][vc_column]<div class=\"engo-special-heading text-center\" style=\"color:#ffffff;\"><h2>Taksim Prelude Hotel \u0645\u0646 \u0646\u062d\u0646<\/h2><\/div>[\/vc_column][\/vc_row][vc_row]<\/p>\n<div id=\"reseliva-widget\" style=\"margin-top:150px\"><a class=\"powered_by\" href=\"https:\/\/www.reseliva.com\/\">Reseliva Rezervasyon Motoru &amp; Kanal Y\u00f6neticisi<\/a><\/div>\n<p><script>\n(function(d, s, id){var js, fjs = d.getElementsByTagName(s)[0];if (d.getElementById(id)) {return;}js = d.createElement(s); js.id = id;js.src = \"https:\/\/www.reseliva.com\/ReselivaWidget\/JS\/rw_script.js?010224\";fjs.parentNode.insertBefore(js, fjs);}(document, 'script', 'reseliva_widget'));\nlet RW = {\"type\":\"bar\",\n\"hotelUrl\":[\"Taksim-Prelude-Hotel\"],\n\"lang\":\"en\",\n\"btnBgColor\" : \"#bca67c\",\n\"title\" : false,\n\"target\" : \"_blank\"};\n<\/script><\/p>\n<p>[vc_column width=&#8220;1\/4&#8243;][vc_single_image image=&#8220;769&#8243; img_size=&#8220;342&#215;700&#8243;][\/vc_column][vc_column width=&#8220;3\/4&#8243;]<div class=\"engo-special-heading text-left\"><h2>TAKS\u0130M PRELUDE HOTEL<\/h2><\/div>[vc_column_text size=&#8220;0&#8243;]<\/p>\n<p>&nbsp;<\/p>\n<p>&nbsp;<\/p>\n<p>&nbsp;<\/p>\n<p style=\"text-align: right;\">\u064a\u0642\u0639 \u0641\u0646\u062f\u0642 \u062a\u0642\u0633\u064a\u0645 \u0628\u0631\u0627\u0644\u0648\u062f\u064a (Taksim Prelude Hotel) \u0641\u064a \u0634\u0627\u0631\u0639 \u0627\u0644\u0625\u0633\u062a\u0642\u0644\u0627\u0644&nbsp; \u0648\u0645\u064a\u062f\u0627\u0646 \u062a\u0642\u0633\u064a\u0645 \u0627\u0644\u0630\u064a \u064a\u0639\u062f \u0645\u0631\u0643\u0632 \u0627\u0644\u0645\u062a\u0639\u0629 \u0648\u0627\u0644\u062b\u0642\u0627\u0641\u0629 \u0641\u064a \u0625\u0633\u0637\u0646\u0628\u0648\u0644. \u062d\u064a\u062b \u062b\u0645 \u0628\u0646\u0627\u0621 \u0645\u0628\u0646\u0627\u0646\u0627 \u0639\u0627\u0645&nbsp; 1836\u060c \u0648\u064a\u0639\u062f \u062b\u0631\u0648\u0629 \u062b\u0642\u0627\u0641\u064a\u0629 \u0635\u0627\u0645\u062f\u0629 \u0639\u0628\u0631 \u0639\u0634\u0631\u0627\u062a \u0627\u0644\u0633\u0646\u064a\u0646 \u0641\u064a \u062a\u0642\u0633\u064a\u0645 \u0642\u0644\u0628 \u0625\u0633\u0637\u0646\u0628\u0648\u0644 \u0627\u0644\u062a\u064a \u0647\u064a \u0625\u062d\u062f\u0649 \u0645\u062f\u0646 \u0627\u0644\u0639\u0627\u0644\u0645 \u0627\u0644\u0645\u062e\u062a\u0627\u0631\u0629.<\/p>\n<p style=\"text-align: right;\">\u0628\u0641\u0636\u0644 \u0627\u0639\u0645\u0627\u0644 \u0627\u0644\u062a\u0631\u0645\u064a\u0645 \u0627\u0644\u062a\u064a \u062e\u0636\u0639 \u0644\u0647\u0627 \u064a\u0642\u062f\u0645 \u0645\u0646\u0630 \u062f\u062e\u0648\u0644\u0647 \u062a\u0646\u0627\u0642\u0636\u0627\u062a \u0645\u0646\u0633\u062c\u0645\u0629 \u0644\u0623\u0642\u0635\u0649 \u062d\u062f \u0628\u064a\u0646 \u0627\u0644\u0645\u0627\u0636\u064a \u0648\u0627\u0644\u062d\u0627\u0636\u0631 \u0627\u0644\u062a\u064a \u062a\u062e\u0627\u0637\u0628 \u062c\u0645\u064a\u0639 \u0645\u0634\u0627\u0639\u0631\u0643\u0645 \u0641\u064a \u0627\u0644\u0648\u0642\u062a \u0630\u0627\u062a\u0647. \u0643\u0645\u0627 \u062a\u0645 \u062a\u0635\u0645\u064a\u0645 \u062c\u0645\u064a\u0639 \u0627\u0644\u063a\u0631\u0641 \u0648\u0627\u0644\u0645\u0633\u0627\u062d\u0627\u062a \u0641\u064a \u0641\u0646\u062f\u0642 \u062a\u0642\u0633\u064a\u0645 \u0628\u0631\u0627\u0644\u0648\u062f\u064a (Taksim Prelude Hotel) \u0628\u0645\u0627 \u064a\u0648\u0641\u0631 \u0644\u0643\u0645 \u0627\u0644\u0631\u0627\u062d\u0629 \u0641\u064a \u0648\u0633\u0637 \u062c\u0645\u0627\u0644\u064a \u0644\u0627\u0639\u0644\u0649 \u062f\u0631\u062c\u0629. \u0648\u0628\u064a\u0646\u0645\u0627 \u062a\u0631\u0634\u0641\u0648\u0646 \u0627\u0644\u0642\u0647\u0648\u0629 \u0627\u0644\u0645\u0639\u062f\u0629 \u0628\u0622\u0644\u0629 \u0625\u0639\u062f\u0627\u062f \u0627\u0644\u0642\u0647\u0648\u0629 \u0641\u064a \u063a\u0631\u0641\u062a\u0643\u0645 \u0628\u0625\u0645\u0643\u0627\u0646\u0643\u0645 \u0625\u0634\u0639\u0627\u0644 \u0627\u0644\u0645\u0648\u0627\u0642\u062f \u0627\u0644\u0645\u062a\u0648\u0632\u0639\u0629 \u0641\u064a \u0628\u0647\u0648 \u0627\u0644\u0641\u0646\u062f\u0642 \u0648\u0627\u0644\u0639\u062f\u064a\u062f \u0645\u0646 \u063a\u0631\u0641\u0647 \u0644\u0644\u0634\u0639\u0648\u0631 \u0628\u0627\u0644\u062f\u0641\u0626 \u0645\u0646 \u0628\u0631\u062f \u0627\u0644\u0634\u062a\u0627\u0621. \u0628\u0627\u0644\u0625\u0636\u0627\u0641\u0629 \u0625\u0644\u0649 \u0648\u062c\u0648\u062f \u063a\u0631\u0641\u0629 \u0630\u0627\u062a \u0634\u0631\u0641\u0629 \u0643\u0628\u064a\u0631\u0629 \u0641\u064a \u0627\u0644\u0637\u0627\u0628\u0642 \u0627\u0644\u0639\u0644\u0648\u064a \u0648\u0644\u0647\u0627 \u0637\u0644\u0629 \u0628\u062d\u0631\u064a\u0629 \u0628\u0627\u0646\u0648\u0631\u0627\u0645\u064a\u0629 \u062a\u0643\u0634\u0641 \u062c\u0645\u064a\u0639 \u0627\u0646\u062d\u0627\u0621 \u0634\u0628\u0647 \u0627\u0644\u062c\u0632\u064a\u0631\u0629 \u0627\u0644\u062a\u0627\u0631\u064a\u062e\u064a\u0629. \u0643\u0630\u0644\u0643 \u0641\u0625\u0646\u0647 \u064a\u0636\u0645\u0646 \u0646\u0648\u0645\u0627 \u0647\u0646\u064a\u0626\u0627 \u0648\u0645\u0631\u064a\u062d\u0627 \u0644\u0636\u064a\u0648\u0641\u0647 \u0645\u0639 \u0634\u0631\u0627\u0634\u0641 \u0627\u0644\u0623\u0633\u0631\u0629 \u0627\u0644\u0645\u0633\u062a\u062e\u062f\u0645\u0629 \u0641\u064a \u0627\u0644\u063a\u0631\u0641 \u0648\u0627\u0644\u062a\u064a \u064a\u062a\u0645 \u0627\u0646\u062a\u0627\u062c\u0647\u0627 \u0628\u0634\u0643\u0644 \u062e\u0627\u0635 \u0648\u0645\u0646 \u0627\u0644\u0623\u0642\u0645\u0634\u0629 \u0627\u0644\u0627\u0641\u0636\u0644 \u062c\u0648\u062f\u0629.<\/p>\n<p style=\"text-align: right;\">\u064a\u0628\u0639\u062f \u0641\u0646\u062f\u0642 \u062a\u0642\u0633\u064a\u0645 \u0628\u0631\u0627\u0644\u0648\u062f\u064a (Taksim Prelude Hotel) 100\u0645 \u0639\u0646 \u0634\u0627\u0631\u0639 \u0627\u0644\u0627\u0633\u062a\u0642\u0644\u0627\u0644 \u0641\u064a \u0645\u0646\u0637\u0642\u0629 \u062a\u0642\u0633\u064a\u0645 \u0627\u0644\u062a\u064a \u062a\u0639\u062f \u0623\u0647\u0645 \u0648\u062c\u0647\u0629 \u062c\u0630\u0628 \u0641\u064a \u0627\u0644\u0639\u0627\u0644\u0645\u060c \u0648400\u0645 \u0639\u0646 \u0645\u064a\u062f\u0627\u0646 \u062a\u0642\u0633\u064a\u0645. \u0643\u0645\u0627 \u0627\u0646 \u0641\u0646\u062f\u0642 \u062a\u0642\u0633\u064a\u0645 \u0628\u0631\u0627\u0644\u0648\u062f\u064a (Taksim Prelude Hotel) \u064a\u0639\u062f \u0627\u062e\u062a\u064a\u0627\u0631 \u0631\u0627\u0626\u0639 \u0644\u0636\u064a\u0648\u0641 \u0642\u0644\u0628 \u0627\u0644\u0645\u062f\u064a\u0646\u0629 \u0644\u0645\u0627 \u062d\u0648\u0644\u0647 \u0645\u0646 \u0627\u0644\u0639\u062f\u064a\u062f \u0645\u0646 \u0627\u0644\u0645\u0637\u0627\u0639\u0645 \u0648\u0627\u0644\u0645\u0639\u0627\u0631\u0636 \u0627\u0644\u0641\u0646\u064a\u0629 \u0648\u0645\u0631\u0627\u0643\u0632 \u0627\u0644\u062a\u0633\u0648\u0642 \u0648\u0642\u0631\u0628\u0647 \u0627\u0644\u0634\u062f\u064a\u062f \u0644\u0648\u0633\u0627\u0626\u0644 \u0627\u0644\u0645\u0648\u0627\u0635\u0644\u0627\u062a \u0627\u0644\u0639\u0627\u0645\u0629.<\/p>\n<p style=\"text-align: right;\">\u0641\u0646\u062f\u0642 \u062a\u0642\u0633\u064a\u0645 \u0628\u0631\u0627\u0644\u0648\u062f\u064a (Taksim Prelude Hotel) \u064a\u0631\u0627\u0639\u0649 \u0628\u062d\u0630\u0631 \u0627\u0644\u0627\u0645\u0646 \u0628\u0627\u0639\u0644\u0649 \u0645\u0648\u0627\u0635\u0641\u0627\u062a\u0647 \u0648\u064a\u062e\u062a\u0627\u0631 \u0645\u0648\u0638\u0641\u064a\u0647 \u0628\u062f\u0642\u0629 \u062d\u064a\u062b \u064a\u062a\u0628\u0646\u0648\u0646 \u0648\u064a\u0637\u0628\u0642\u0648\u0646 \u0642\u0648\u0627\u0639\u062f \u0642\u0637\u0627\u0639 \u0627\u0644\u062e\u062f\u0645\u0629 \u060c<\/p>\n<p>[\/vc_column_text][\/vc_column][\/vc_row][vc_row][vc_column width=&#8220;1\/2&#8243;]<div class=\"engo-special-heading text-left\"><h2>\u0644\u0645\u0627\u0630\u0627 Taksim \u0130stanbul \u061f<\/h2><\/div>[vc_column_text size=&#8220;0&#8243;]<\/p>\n<p style=\"text-align: right;\">\u0633\u064a\u0634\u0627\u0646 \u0648\u0627\u0644\u0630\u064a \u064a\u0628\u062f\u0623 \u0627\u0644\u0645\u062d\u0648\u0631 \u0627\u0644\u0631\u0626\u064a\u0633\u064a \u0644\u0644T\u00fcnelba\u015f\u0131 \u0628\u064a\u0648\u063a\u0644\u0648 \u064a\u0633\u0644\u0643 \u0630\u0627\u062a \u0643\u062b\u0627\u0641\u0629 \u0633\u0643\u0627\u0646\u064a\u0629 \u0639\u0627\u0644\u064a\u0629 \u0639\u0644\u0649 \u062c\u0627\u0646\u0628\u064a \u0634\u0627\u0631\u0639 \u0627\u0644\u0627\u0633\u062a\u0642\u0644\u0627\u0644\u060c \u062d\u064a\u062b \u064a\u0635\u0644 \u0645\u0646\u0638\u0648\u0631 \u0648\u0627\u0633\u0639 \u0645\u0646 \u0627\u0644\u0641\u0636\u0627\u0621 \u0644\u0644\u0645\u0631\u0629 \u0627\u0644\u0623\u0648\u0644\u0649 \u0648\u0627\u0644\u0639\u0648\u062f\u0629 \u0625\u0644\u0649 \u0627\u0644\u0633\u0627\u062d\u0629\u060c \u0644\u0630\u0644\u0643 \u063a\u0631\u0628\u0627 \u0645\u0631\u0629 \u0623\u062e\u0631\u0649 (S\u0131raselviler) \u0648\u0634\u0631\u0642\u0627 \u0625\u0644\u0649 \u0627\u0644\u0628\u062d\u0631 (Ayaspasa-G\u00fcm\u00fc\u015fsuyu) \u0648 \u0627\u0644\u0634\u0645\u0627\u0644 (\u0634\u0627\u0631\u0639 \u0645\u064a\u062a\u064a \u0648Elmada\u011f) \u0627\u0644\u0634\u0627\u0631\u0639 \u0627\u0644\u0645\u0624\u062f\u064a \u0625\u0644\u0649 \u0627\u0644\u064a\u0645\u064a\u0646\u060c \u0627\u0644\u0630\u064a \u0648\u0635\u0644 \u0644\u0647 \u062d\u062c\u0645 \u0627\u0644\u0628\u0634\u0631 \u0648\u0627\u0644\u0645\u0631\u0643\u0628\u0627\u062a \u0648\u062a\u0648\u0632\u064a\u0639 \u0645\u062e\u062a\u0644\u0641 \u0627\u0644\u062c\u0648\u0627\u0646\u0628.<\/p>\n<p style=\"text-align: right;\">\u0648\u0642\u062f \u0641\u0627\u0632 \u0647\u0630\u0627 \u0627\u0644\u0641\u0636\u0627\u0621 \u0641\u0642\u0637 \u062a\u062d\u062f\u064a\u0627 \u0641\u064a \u0627\u0644\u062a\u0627\u0631\u064a\u062e \u0627\u0644\u062d\u062f\u064a\u062b \u062c\u062f\u0627. \u0627\u0644\u062e\u0637\u0648\u0629 \u0627\u0644\u0633\u0641\u0627\u0631\u0629 \u0627\u0644\u0641\u0631\u0646\u0633\u064a\u0629 \u0647\u0646\u0627 \u0644\u0644\u0645\u0631\u0629 \u0627\u0644\u0623\u0648\u0644\u0649 \u0645\u0633\u062a\u0648\u0637\u0646\u0629 \u0627\u0644\u0641\u0631\u0646\u062c\u0629 \u062e\u0627\u0631\u062c \u0623\u0633\u0648\u0627\u0631 \u063a\u0644\u0637\u0629\u060c \u064a\u0634\u0643\u0644 \u0627\u0644\u0645\u062d\u0648\u0631 \u0627\u0644\u0631\u0626\u064a\u0633\u064a \u0644\u0644\u063a\u0631\u0627\u0646\u062f\u064a \u0634\u0627\u0631\u0639 \u062f\u064a \u0628\u064a\u0631\u0627 (\u0627\u0644\u0627\u0633\u062a\u0642\u0644\u0627\u0644 \u0642\u062f\u064a\u0633\u064a) \u0645\u0639 \u0627\u0644\u062a\u062d\u062f\u064a \u0627\u0644\u064a\u0648\u0645 \u062d\u0635\u0644\u062a \u0639\u0644\u0649 \u0647\u0630\u0647 \u0627\u0644\u0646\u0642\u0637\u0629 \u062d\u064a\u062b \u062a\u0646\u062a\u0647\u064a\u060c \u062b\u0645 \u0645\u0633\u0627\u0631 \u0627\u0644\u062d\u062c\u0631 \u0628\u062f\u0627\u0626\u064a\u0629 \u062d\u062a\u0649 \u0645\u0646 \u062f\u0648\u0646 \u0637\u0648\u0627\u0628\u0642 \u0627\u0644\u062a\u0631\u0628\u0629 \u0648\u062a\u0635\u0637\u0641 \u0639\u0644\u0649 \u062c\u0627\u0646\u0628\u064a\u0647 \u0627\u0644\u0623\u0634\u062c\u0627\u0631 \u0627\u0644\u0631\u064a\u0641 \u0648\u0627\u0633\u0639\u0629 \u0635\u063a\u064a\u0631\u0629 \u0647\u064a \u0627\u0646\u0647 \u064a\u0645\u062a\u062f.<\/p>\n<p style=\"text-align: right;\">\u0647\u0646\u0627 \u064a\u062f\u062e\u0644 \u0623\u0648\u0644 \u0639\u0645\u0644 \u0645\u0639\u0645\u0627\u0631\u064a \u0648\u0623\u0648\u0631\u0648\u0628\u0627 \u0648\u0627\u0644\u0645\u0634\u0631\u0642 \u0627\u0644\u0639\u0631\u0628\u064a \u062d\u0648\u0644 \u0627\u0644\u0646\u0628\u0627\u062a\u0627\u062a \u0627\u0644\u063a\u0631\u064a\u0628\u0629 \u062c\u062f\u0627\u060c \u0648\u0627\u0644\u0645\u0627\u0621 \u0647\u0648 \u0645\u0628\u0646\u0649 \u0639\u0644\u0649 \u0627\u0644\u0637\u0631\u0627\u0632 \u0627\u0644\u0639\u062b\u0645\u0627\u0646\u064a \u0627\u0644\u0643\u0644\u0627\u0633\u064a\u0643\u064a. \u0648\u0643\u0645\u0627 \u0647\u0648 \u0627\u0644\u062d\u0627\u0644 \u0641\u064a \u0643\u0644 \u0645\u0633\u062a\u0648\u0637\u0646\u0629\u060c \u0643\u0627\u0646\u062a \u0627\u0644\u0645\u0634\u0643\u0644\u0629 \u0627\u0644\u062d\u064a\u0648\u064a\u0629 \u0641\u064a \u0627\u0633\u0637\u0646\u0628\u0648\u0644 \u0647\u064a \u0627\u0644\u0633\u0648\u064a\u062f\u0648. \u0627\u0644\u062f\u0631\u0627\u0633\u0627\u062a \u0627\u0644\u062a\u064a \u0623\u062c\u0631\u064a\u062a \u0641\u064a \u0627\u0633\u0637\u0646\u0628\u0648\u0644 \u062a\u062d\u0648\u0644\u062a \u0625\u0644\u0649 \u0648\u0627\u062d\u0629 \u0641\u064a \u0628\u062d\u0631 \u0639\u0644\u0649 \u0627\u0644\u0631\u063a\u0645 \u0645\u0646 \u0623\u0646 \u0627\u0644\u0645\u062f\u064a\u0646\u0629 \u0642\u062f \u0644\u0639\u0628\u062a \u062f\u0648\u0631\u0627 \u0647\u0627\u0645\u0627 \u0648\u062e\u0627\u0635\u0629 \u0641\u064a \u0627\u0644\u0642\u0631\u0646\u064a\u0646 \u0627\u064415 \u0648\u0627\u064418. \u0648\u0623\u0635\u0628\u062d\u062a \u0645\u064a\u0627\u0647 \u063a\u0627\u0644\u0627\u062a\u0627 \u0648\u0628\u064a\u0648\u063a\u0644\u0648 \u0627\u0644\u0645\u062a\u0646\u0627\u0645\u064a\u0629 \u0641\u064a \u0627\u0644\u0646\u0635\u0641 \u0627\u0644\u0623\u0648\u0644 \u0645\u0646 \u0627\u0644\u0642\u0631\u0646 \u0627\u0644\u062b\u0627\u0645\u0646 \u0639\u0634\u0631 \u063a\u064a\u0631 \u0643\u0627\u0641\u064a\u0629.<\/p>\n<p style=\"text-align: right;\">\u0633\u0627\u062d\u0629 \u062a\u0642\u0633\u064a\u0645 \u0648 \u0130stiklal \u0643\u0627\u062f\u064a\u0633\u064a \u0647\u0648 \u0645\u0643\u0627\u0646 \u0645\u0632\u062f\u062d\u0645\u060c \u062a\u062a\u062d\u0631\u0643 \u0645\u0639 24\/7. \u0644\u0627 \u062a\u063a\u0644\u0642 \u0627\u0644\u0628\u0648\u0641\u064a\u0647\u0627\u062a \u0639\u0646\u062f \u0645\u062f\u062e\u0644 \u0627\u0644\u0633\u0627\u062d\u0629 \u0623\u064a\u0636\u0627. \u0633\u064a\u0627\u0631\u0627\u062a \u0627\u0644\u0623\u062c\u0631\u0629 \u0645\u062a\u0648\u0641\u0631\u0629 \u0643\u0644 \u0633\u0627\u0639\u0629 \u0645\u0646 \u0627\u0644\u064a\u0648\u0645. \u0627\u0644\u0645\u0648\u0633\u064a\u0642\u0649 \u0645\u0632\u062f\u062d\u0645\u0629\u060c \u0644\u0627 \u064a\u0646\u062a\u0647\u064a \u0627\u0644\u0633\u0628\u0627\u0642.<\/p>\n<p style=\"text-align: right;\">\u0633\u0631\u0642\u0629 \u0645\u0646 \u0643\u0644 \u0633\u0644\u0643 \u0641\u064a \u0634\u0631\u064a\u0637 \u0644\u064a\u0644\u0627\u060c \u0628\u0639\u062f \u064a\u0644\u0647\u0648\u0646 \u0641\u064a \u0627\u0644\u0646\u0648\u0627\u062f\u064a\u060c \u0641\u064a \u0628\u0648\u0641\u064a\u0647 S\u0131raselviler \u0641\u064a \u0627\u0644\u0647\u0627\u0645\u0628\u0631\u063a\u0631 \u0627\u0644\u0631\u0637\u0628\u060c \u0634\u064a\u0649\u0621 \u0628\u0627\u0646\u064a\u0646\u064a\u0633 \u062a\u0646\u0627\u0648\u0644 \u0627\u0644\u0637\u0639\u0627\u0645\u060c \u0648\u0627\u0644\u0639\u0648\u062f\u0629 \u0625\u0644\u0649 \u062f\u064a\u0627\u0631\u0647\u0645 \u0644\u0623\u0648\u0644 \u0636\u0648\u0621 \u0645\u0646 \u0635\u0628\u0627\u062d \u0627\u0644\u064a\u0648\u0645.<\/p>\n<p>[\/vc_column_text][\/vc_column][vc_column width=&#8220;1\/2&#8243;][vc_gallery type=&#8220;flexslider_slide&#8220; interval=&#8220;3&#8243; images=&#8220;857,855,854,856,859,1386&#8243; img_size=&#8220;full&#8220;][\/vc_column][\/vc_row][vc_row full_width=&#8220;stretch_row&#8220; parallax=&#8220;content-moving&#8220; parallax_image=&#8220;778&#8243; enable_overlay=&#8220;true&#8220; bg_overlay=&#8220;rgba(72,72,72,0.6)&#8220; css=&#8220;.vc_custom_1508022224640{margin-right: -40% !important;padding-top: 50px !important;padding-bottom: 50px !important;}&#8220;][vc_column width=&#8220;1\/3&#8243; css=&#8220;.vc_custom_1508022355731{margin-right: -30% !important;}&#8220;]<div class=\"engo-special-heading text-center\" style=\"color:#ffffff;\"><h2>Prelude Hotel <\/h2><div class=\"engo-subheading below\"><p>\u0628\u0631\u064a\u0644\u064a\u0648\u062f \u0647\u0648\u062a\u0644 \u0633\u064a\u0631\u0641\u064a\u0633 \u0645\u0639 \u0636\u064a\u0648\u0641\u0646\u0627 \u0643\u0644 \u064a\u0648\u0645\u060c \u0648\u0646\u062d\u0646 \u0639\u0644\u0649 \u0623\u0639\u0644\u0649 \u0645\u0633\u062a\u0648\u0649 \u0645\u0646 \u0631\u0636\u0627 \u0627\u0644\u0646\u0632\u0644\u0627\u0621 \u0648 \u0623\u0633\u0646\u062a\u064a\u0631\u0633 \u0627\u0644\u062f\u0648\u0644\u064a\u0629.<\/p><\/div><\/div>[\/vc_column][vc_column width=&#8220;1\/3&#8243;]\t\t<div class=\"statistics_item\">\n\t\t\t<span class=\"count\">30257<\/span>\n\t\t\t<span>\u0636\u064a\u0641 \u0627\u0644\u0625\u0642\u0627\u0645\u0629<\/span>\t\t<\/div>\n\t\t[\/vc_column][vc_column width=&#8220;1\/3&#8243;]\t\t<div class=\"statistics_item\">\n\t\t\t<span class=\"count\">17560<\/span>\n\t\t\t<span>\u0627\u0644\u062d\u062c\u0632<\/span>\t\t<\/div>\n\t\t[\/vc_column][\/vc_row]<\/p>\n","protected":false},"excerpt":{"rendered":"<p>[vc_row full_width=&#8220;stretch_row&#8220; enable_overlay=&#8220;true&#8220; bg_overlay=&#8220;rgba(0,0,0,0.3)&#8220; css=&#8220;.vc_custom_1508022207491{margin-right: -40% !important;padding-top: 115px !important;padding-bottom: 80px !important;background-image: url(http:\/\/taksimpreludehotel.com\/wp-content\/uploads\/2016\/09\/bst-Istanbul-1.jpg?id=776) !important;}&#8220;][vc_column][\/vc_column][\/vc_row][vc_row] Reseliva Rezervasyon Motoru &amp; Kanal Y\u00f6neticisi [vc_column width=&#8220;1\/4&#8243;][vc_single_image image=&#8220;769&#8243; img_size=&#8220;342&#215;700&#8243;][\/vc_column][vc_column width=&#8220;3\/4&#8243;][vc_column_text size=&#8220;0&#8243;] &nbsp; &nbsp; &nbsp; \u064a\u0642\u0639 \u0641\u0646\u062f\u0642 \u062a\u0642\u0633\u064a\u0645 \u0628\u0631\u0627\u0644\u0648\u062f\u064a (Taksim Prelude Hotel) \u0641\u064a \u0634\u0627\u0631\u0639 \u0627\u0644\u0625\u0633\u062a\u0642\u0644\u0627\u0644&nbsp; \u0648\u0645\u064a\u062f\u0627\u0646 \u062a\u0642\u0633\u064a\u0645 \u0627\u0644\u0630\u064a \u064a\u0639\u062f \u0645\u0631\u0643\u0632 \u0627\u0644\u0645\u062a\u0639\u0629 \u0648\u0627\u0644\u062b\u0642\u0627\u0641\u0629 \u0641\u064a \u0625\u0633\u0637\u0646\u0628\u0648\u0644. \u062d\u064a\u062b \u062b\u0645 \u0628\u0646\u0627\u0621 \u0645\u0628\u0646\u0627\u0646\u0627 \u0639\u0627\u0645&nbsp; 1836\u060c \u0648\u064a\u0639\u062f \u062b\u0631\u0648\u0629&#8230;<\/p>\n","protected":false},"author":1,"featured_media":0,"parent":0,"menu_order":0,"comment_status":"closed","ping_status":"closed","template":"","meta":{"_mi_skip_tracking":false,"footnotes":""},"_links":{"self":[{"href":"https:\/\/taksimpreludehotel.com\/cs\/wp-json\/wp\/v2\/pages\/1010"}],"collection":[{"href":"https:\/\/taksimpreludehotel.com\/cs\/wp-json\/wp\/v2\/pages"}],"about":[{"href":"https:\/\/taksimpreludehotel.com\/cs\/wp-json\/wp\/v2\/types\/page"}],"author":[{"embeddable":true,"href":"https:\/\/taksimpreludehotel.com\/cs\/wp-json\/wp\/v2\/users\/1"}],"replies":[{"embeddable":true,"href":"https:\/\/taksimpreludehotel.com\/cs\/wp-json\/wp\/v2\/comments?post=1010"}],"version-history":[{"count":9,"href":"https:\/\/taksimpreludehotel.com\/cs\/wp-json\/wp\/v2\/pages\/1010\/revisions"}],"predecessor-version":[{"id":1486,"href":"https:\/\/taksimpreludehotel.com\/cs\/wp-json\/wp\/v2\/pages\/1010\/revisions\/1486"}],"wp:attachment":[{"href":"https:\/\/taksimpreludehotel.com\/cs\/wp-json\/wp\/v2\/media?parent=1010"}],"curies":[{"name":"wp","href":"https:\/\/api.w.org\/{rel}","templated":true}]}}