{"id":1213,"date":"2017-10-23T02:20:25","date_gmt":"2017-10-22T23:20:25","guid":{"rendered":"http:\/\/taksimpreludehotel.com\/?page_id=1213\/"},"modified":"2025-01-10T11:21:39","modified_gmt":"2025-01-10T08:21:39","slug":"sobre-nosotros","status":"publish","type":"page","link":"https:\/\/taksimpreludehotel.com\/es\/sobre-nosotros\/","title":{"rendered":"Sobre nosotros"},"content":{"rendered":"<p>[vc_row full_width=\u00bbstretch_row\u00bb enable_overlay=\u00bbtrue\u00bb bg_overlay=\u00bbrgba(0,0,0,0.3)\u00bb css=\u00bb.vc_custom_1507471444649{padding-top: 115px !important;padding-bottom: 80px !important;background-image: url(http:\/\/taksimpreludehotel.com\/wp-content\/uploads\/2016\/09\/bst-Istanbul-1.jpg?id=776) !important;}\u00bb][vc_column]<div class=\"engo-special-heading text-center\" style=\"color:#ffffff;\"><h2>Acerca de Taksim Prelude Hotel<\/h2><\/div>[\/vc_column][\/vc_row][vc_row]<\/p>\n<div id=\"reseliva-widget\"><a class=\"powered_by\" href=\"https:\/\/www.reseliva.com\/\">Reseliva Rezervasyon Motoru &amp; Kanal Y\u00f6neticisi<\/a><\/div>\n<p><script>\n(function(d, s, id){var js, fjs = d.getElementsByTagName(s)[0];if (d.getElementById(id)) {return;}js = d.createElement(s); js.id = id;js.src = \"https:\/\/www.reseliva.com\/ReselivaWidget\/JS\/rw_script.js?010224\";fjs.parentNode.insertBefore(js, fjs);}(document, 'script', 'reseliva_widget'));\nlet RW = {\"type\":\"bar\",\n\"hotelUrl\":[\"Taksim-Prelude-Hotel\"],\n\"lang\":\"es\",\n\"btnBgColor\" : \"#bca67c\",\n\"title\" : false,\n\"target\" : \"_blank\"};\n<\/script><\/p>\n<p>[vc_column width=\u00bb1\/4&#8243;][vc_single_image image=\u00bb769&#8243; img_size=\u00bb342&#215;700&#8243;][\/vc_column][vc_column width=\u00bb3\/4&#8243;]<div class=\"engo-special-heading text-left\"><h1>TAKS\u0130M PRELUDE HOTEL<\/h1><\/div>[vc_column_text size=\u00bb0&#8243;]Taksim Prelude Hotel est\u00e1 ubicado en Plaza Taksim y Avenida de \u0130stiklal que estes&nbsp;lugares son centro cultural y de entretenimiento de Estambul. Nuestro edificio fue construido en 1836. Es un patrimonio cultural que ha sobrevivido durante d\u00e9cadas en Taksim que es el centro de Estambul que es una de las ciudades m\u00e1s distinguidas del mundo.<\/p>\n<p>Con el trabajo de restauraci\u00f3n afecta todas su emociones desde el momento en que ingresas y siente una armon\u00eda entre lo viejo y lo nuevo. Todas las habitaciones y \u00e1reas del Taksim Prelude Hotel est\u00e1n dise\u00f1adas est\u00e9ticamente pensando suconfort. Puede hacer caf\u00e9 con filtro con la m\u00e1quina de caf\u00e9 con filtro hay todas en las habitaciones del hotel. Y puede quemar chimeneas que hay en el vest\u00edbulo del hotel y tambien en muchas habitaciones del hotel parar calentar en los fr\u00edos d\u00edas de invierno. Tambi\u00e9n en el piso superior hay una vista panor\u00e1mica del mar que domina toda la pen\u00ednsula hist\u00f3rica. Las colchas que estamos usando para las camas de las habitaciones est\u00e1n especialmente fabricadas con telas de alta calidad.<\/p>\n<p>Taksim Prelude Hotel est\u00e1 situado a 100 metros a la avenida de \u0130stiklal a 400 metros a la plaza Taksim. Taksim Prelude Hotel que est\u00e1 rodeado de muchos restaurantes, galer\u00edas de arte, centros comerciales y est\u00e1 muy cerca del transporte p\u00fablico es es una gran opci\u00f3n para los clientes.<\/p>\n<p>Taksim Prelude Hotel sabe que el servicio es lo mas calidad, y por eso&nbsp; elecciona cuidadosamente al personal que sabe las bases del servicio[\/vc_column_text][\/vc_column][\/vc_row][vc_row][vc_column width=\u00bb1\/2&#8243;]<div class=\"engo-special-heading text-left\"><h2>Por que Estanbul \u2013 Taksim ?<\/h2><\/div>[vc_column_text size=\u00bb0&#8243;]Partiendo de \u015ei\u015fhane y T\u00fcnelba\u015f\u0131, las dos calles principales de \u0130stiklal Caddesi<br \/>\nexhibir el acuerdo, por primera vez en una amplia perspectiva alcanza una vacante y esto de vuelta al oeste (Siraselviler) y hacia el este hacia el mar (Ayaspa\u015fa- G\u00fcm\u00fc\u015fsuyu) y al norte (Mete Caddesi y Elmadag) el volumen humano y del veh\u00edculo que se ha alcanzado se distribuye en varias direcciones.<\/p>\n<p>Esta espacio ha tenido una identidad de plaza en los \u00faltimos a\u00f1os, Con la mudacion de la Embajada de Francia, el asentamiento de Frenk por primera vez sali\u00f3 de las murallas de Galata. Y este asentamiento contin\u00faa hasta Avenida de \u0130stiklal y termina en el punto donde esta la plaza hoy. luego hab\u00eda peque\u00f1os terrenos que ni siquiera eran un camino de piedra y grandes campos con peque\u00f1os \u00e1rboles.<\/p>\n<p>El primer trabajo arquitect\u00f3nico que vino aqu\u00ed es un edificio de agua en estilo otomano cl\u00e1sico que extra\u00f1a alrededor de Frenk y Levanten., el problema vital en Estambul tambien era el agua como en todos los asentamientos. Los trabajos que han realizado entre los siglos XV y XVIII han convertido Estambul en una ciudad mar\u00edtima. El crecimiento de Galata y Beyo\u011flu en el siglo XVIII hizo que los recursos h\u00eddricos fueran inadecuados.<\/p>\n<p>Plaza Taksim y Avenida de \u0130stiklal es un \u00e1rea que esta activo 24\/7. Los quioscos en la entrada de la plaza no cierran hasta la ma\u00f1ana. Los taxis est\u00e1n disponibles a todas horas del d\u00eda. La m\u00fasica y la multitud nunca terminan.<\/p>\n<p>En las noches despu\u00e9s de divertirse en bares y discotecas se come la hamburguesa mojada y pan rollo con queso en S\u0131raselviler[\/vc_column_text][\/vc_column][vc_column width=\u00bb1\/2&#8243;][vc_gallery type=\u00bbflexslider_slide\u00bb interval=\u00bb3&#8243; images=\u00bb857,855,854,856,1386&#8243; img_size=\u00bbfull\u00bb][\/vc_column][\/vc_row][vc_row full_width=\u00bbstretch_row\u00bb parallax=\u00bbcontent-moving\u00bb parallax_image=\u00bb778&#8243; enable_overlay=\u00bbtrue\u00bb bg_overlay=\u00bbrgba(72,72,72,0.6)\u00bb css=\u00bb.vc_custom_1507471520776{padding-top: 50px !important;padding-bottom: 50px !important;}\u00bb][vc_column width=\u00bb1\/3&#8243;]<div class=\"engo-special-heading text-center\" style=\"color:#ffffff;\"><h2>Prelude Hotel <\/h2><div class=\"engo-subheading below\"><p>Nuestro servicio siempre es de alto nivel con nuestros hu\u00e9spedes y hospitalidad todos los d\u00edas....<\/p><\/div><\/div>[\/vc_column][vc_column width=\u00bb1\/3&#8243;]\t\t<div class=\"statistics_item\">\n\t\t\t<span class=\"count\">30257<\/span>\n\t\t\t<span>Estancia de hu\u00e9spedes<\/span>\t\t<\/div>\n\t\t[\/vc_column][vc_column width=\u00bb1\/3&#8243;]\t\t<div class=\"statistics_item\">\n\t\t\t<span class=\"count\">17560<\/span>\n\t\t\t<span>reserva<\/span>\t\t<\/div>\n\t\t[\/vc_column][\/vc_row]<\/p>\n","protected":false},"excerpt":{"rendered":"<p>[vc_row full_width=\u00bbstretch_row\u00bb enable_overlay=\u00bbtrue\u00bb bg_overlay=\u00bbrgba(0,0,0,0.3)\u00bb css=\u00bb.vc_custom_1507471444649{padding-top: 115px !important;padding-bottom: 80px !important;background-image: url(http:\/\/taksimpreludehotel.com\/wp-content\/uploads\/2016\/09\/bst-Istanbul-1.jpg?id=776) !important;}\u00bb][vc_column][\/vc_column][\/vc_row][vc_row] Reseliva Rezervasyon Motoru &amp; Kanal Y\u00f6neticisi [vc_column width=\u00bb1\/4&#8243;][vc_single_image image=\u00bb769&#8243; img_size=\u00bb342&#215;700&#8243;][\/vc_column][vc_column width=\u00bb3\/4&#8243;][vc_column_text size=\u00bb0&#8243;]Taksim Prelude Hotel est\u00e1 ubicado en Plaza Taksim y Avenida de \u0130stiklal que estes&nbsp;lugares son centro cultural y de entretenimiento de Estambul. Nuestro edificio fue construido en 1836. Es un patrimonio cultural que&#8230;<\/p>\n","protected":false},"author":1,"featured_media":0,"parent":0,"menu_order":0,"comment_status":"closed","ping_status":"closed","template":"","meta":{"_mi_skip_tracking":false,"footnotes":""},"_links":{"self":[{"href":"https:\/\/taksimpreludehotel.com\/es\/wp-json\/wp\/v2\/pages\/1213"}],"collection":[{"href":"https:\/\/taksimpreludehotel.com\/es\/wp-json\/wp\/v2\/pages"}],"about":[{"href":"https:\/\/taksimpreludehotel.com\/es\/wp-json\/wp\/v2\/types\/page"}],"author":[{"embeddable":true,"href":"https:\/\/taksimpreludehotel.com\/es\/wp-json\/wp\/v2\/users\/1"}],"replies":[{"embeddable":true,"href":"https:\/\/taksimpreludehotel.com\/es\/wp-json\/wp\/v2\/comments?post=1213"}],"version-history":[{"count":9,"href":"https:\/\/taksimpreludehotel.com\/es\/wp-json\/wp\/v2\/pages\/1213\/revisions"}],"predecessor-version":[{"id":1490,"href":"https:\/\/taksimpreludehotel.com\/es\/wp-json\/wp\/v2\/pages\/1213\/revisions\/1490"}],"wp:attachment":[{"href":"https:\/\/taksimpreludehotel.com\/es\/wp-json\/wp\/v2\/media?parent=1213"}],"curies":[{"name":"wp","href":"https:\/\/api.w.org\/{rel}","templated":true}]}}